{"id":7128,"date":"2023-03-22T11:35:02","date_gmt":"2023-03-22T15:35:02","guid":{"rendered":"https:\/\/internexe.com\/?page_id=7128"},"modified":"2023-05-23T09:35:43","modified_gmt":"2023-05-23T13:35:43","slug":"faq","status":"publish","type":"page","link":"https:\/\/internexe.com\/fr\/faq\/","title":{"rendered":"Foire aux questions"},"content":{"rendered":"<p>[et_pb_section fb_built=\u00a0\u00bb1&Prime; _builder_version=\u00a0\u00bb4.20.2&Prime; _module_preset=\u00a0\u00bbdefault\u00a0\u00bb global_colors_info=\u00a0\u00bb{}\u00a0\u00bb][et_pb_row _builder_version=\u00a0\u00bb4.20.2&Prime; _module_preset=\u00a0\u00bbdefault\u00a0\u00bb global_colors_info=\u00a0\u00bb{}\u00a0\u00bb][et_pb_column type=\u00a0\u00bb4_4&Prime; _builder_version=\u00a0\u00bb4.20.2&Prime; _module_preset=\u00a0\u00bbdefault\u00a0\u00bb global_colors_info=\u00a0\u00bb{}\u00a0\u00bb][et_pb_text _builder_version=\u00a0\u00bb4.20.2&Prime; _module_preset=\u00a0\u00bbdefault\u00a0\u00bb global_colors_info=\u00a0\u00bb{}\u00a0\u00bb]<\/p>\n<h1 style=\"text-align: center;\"><span style=\"font-size: xx-large;\"><strong><span style=\"color: #109bc5;\">Foire aux questions<\/span><\/strong><\/span><\/h1>\n<p>[\/et_pb_text][\/et_pb_column][\/et_pb_row][et_pb_row _builder_version=\u00a0\u00bb4.20.2&Prime; _module_preset=\u00a0\u00bbdefault\u00a0\u00bb global_colors_info=\u00a0\u00bb{}\u00a0\u00bb][et_pb_column type=\u00a0\u00bb4_4&Prime; _builder_version=\u00a0\u00bb4.20.2&Prime; _module_preset=\u00a0\u00bbdefault\u00a0\u00bb global_colors_info=\u00a0\u00bb{}\u00a0\u00bb][et_pb_accordion open_toggle_text_color=\u00a0\u00bb#109BC5&Prime; open_toggle_background_color=\u00a0\u00bb#DBDBDB\u00a0\u00bb closed_toggle_text_color=\u00a0\u00bb#035088&Prime; closed_toggle_background_color=\u00a0\u00bb#FFFFFF\u00a0\u00bb icon_color=\u00a0\u00bb#109BC5&Prime; _builder_version=\u00a0\u00bb4.21.0&Prime; _module_preset=\u00a0\u00bbdefault\u00a0\u00bb toggle_text_color=\u00a0\u00bb#035088&Prime; hover_enabled=\u00a0\u00bb0&Prime; global_colors_info=\u00a0\u00bb{}\u00a0\u00bb sticky_enabled=\u00a0\u00bb0&Prime;][et_pb_accordion_item title=\u00a0\u00bbComprendre le mode de paiement\u00a0\u00bb _builder_version=\u00a0\u00bb4.20.2&Prime; _module_preset=\u00a0\u00bbdefault\u00a0\u00bb global_colors_info=\u00a0\u00bb{}\u00a0\u00bb open=\u00a0\u00bbon\u00a0\u00bb]<\/p>\n<p data-renderer-start-pos=\"1124\">Le paiement de vos factures se fera par pr\u00e9l\u00e8vement automatique sur votre carte de cr\u00e9dit. La premi\u00e8re fois que vous acc\u00e9dez au Portail client, vous devez inscrire vos d\u00e9tails de carte de cr\u00e9dit. Vous pouvez \u00e9galment nous partager les d\u00e9tails de votre carte par t\u00e9l\u00e9phone au 1-877-294-8999.<\/p>\n<p data-renderer-start-pos=\"1417\"><strong data-renderer-mark=\"true\">N.B. : <\/strong>Les cartes pr\u00e9pay\u00e9es, internationales ou AMEX ne seront pas accept\u00e9es.<\/p>\n<p data-renderer-start-pos=\"1496\">Le montant \u00e0 payer sera pr\u00e9l\u00e9v\u00e9 automatiquement \u00e0 la date d&rsquo;\u00e9ch\u00e9ance de la facture. Si vous avez une facture Internexe impay\u00e9e au moment de l\u2019adh\u00e9sion, ce montant sera rajout\u00e9 au pr\u00e9l\u00e8vement.<\/p>\n<p data-renderer-start-pos=\"1689\">Vous pouvez consulter l\u2019historique de vos paiements, en acc\u00e9dant au Portail client &gt; Compte &gt; Paiements.<\/p>\n<p data-renderer-start-pos=\"1795\">Vous avez besoin d\u2019aide? <a href=\"https:\/\/internexe.com\/fr\/aide\/\">Contactez-nous<\/a>.<\/p>\n<p>[\/et_pb_accordion_item][et_pb_accordion_item title=\u00a0\u00bbComprendre votre facture\u00a0\u00bb _builder_version=\u00a0\u00bb4.20.2&Prime; _module_preset=\u00a0\u00bbdefault\u00a0\u00bb global_colors_info=\u00a0\u00bb{}\u00a0\u00bb open=\u00a0\u00bboff\u00a0\u00bb]<\/p>\n<p data-renderer-start-pos=\"1431\"><u data-renderer-mark=\"true\">Votre premi\u00e8re facture<\/u><\/p>\n<p data-renderer-start-pos=\"1455\">Votre premi\u00e8re facture comprend vos frais d\u2019activation (45,00 $) et de carte SIM (5,00 $). Ces frais uniques, qui couvrent \u00e9galement votre premier mois de service, ne sont pas remboursables.<\/p>\n<p data-renderer-start-pos=\"1647\"><u data-renderer-mark=\"true\">Votre facture mensuelle<\/u><\/p>\n<p data-renderer-start-pos=\"1672\">La p\u00e9riode de facturation est toujours du premier au dernier jour du mois. Cette derni\u00e8re comprend les frais r\u00e9currents de 25,00 $\/mois, pay\u00e9s \u00e0 l\u2019avance. La facture mensuelle est envoy\u00e9e par courriel le 25 de chaque mois pr\u00e9c\u00e8dent. Vous recevrez une copie de la facture par courriel, mais vous pouvez choisir de recevoir une copie papier. Contactez-nous si vous d\u00e9sirez apporter des changements.<\/p>\n<p data-renderer-start-pos=\"2070\"><u data-renderer-mark=\"true\">L&rsquo;\u00e9ch\u00e9ance du paiement<\/u><\/p>\n<p data-renderer-start-pos=\"2094\">Le pr\u00e9l\u00e8vement d\u2019un montant de 25,00 $ + taxes sera \u00e9ffectu\u00e9 le 1er de chaque mois.<\/p>\n<p data-renderer-start-pos=\"2179\"><u data-renderer-mark=\"true\">Consulter votre facture<\/u><\/p>\n<p data-renderer-start-pos=\"2204\">Vous pouvez consulter votre facture en tout temps en acc\u00e9dant au <span id=\"9f5923e9-e374-41ca-9b22-57637503e5d5\" data-renderer-mark=\"true\" data-mark-type=\"annotation\" data-mark-annotation-type=\"inlineComment\" data-id=\"9f5923e9-e374-41ca-9b22-57637503e5d5\"><span id=\"cdaa724d-1064-4035-ad01-69827dc5b8c4\" data-renderer-mark=\"true\" data-mark-type=\"annotation\" data-mark-annotation-type=\"inlineComment\" data-id=\"cdaa724d-1064-4035-ad01-69827dc5b8c4\">Portail client &gt; Compte &gt; Factures<\/span>. Si vous \u00eates inscrit au service de <span id=\"ceebb1bd-e304-491f-8dce-7afa6a16c48c\" data-renderer-mark=\"true\" data-mark-type=\"annotation\" data-mark-annotation-type=\"inlineComment\" data-id=\"ceebb1bd-e304-491f-8dce-7afa6a16c48c\" class=\"inline-highlight first-mark-highlight last-mark-highlight\">Online Bill, vous pouvez consulter jusqu&rsquo;\u00e0 sept ans de factures ant\u00e9rieures.<\/span><\/span><\/p>\n<p data-renderer-start-pos=\"2418\">Vous avez besoin d\u2019aide? <a href=\"https:\/\/internexe.com\/fr\/aide\/\">Contactez-nous<\/a>.<\/p>\n<p>[\/et_pb_accordion_item][et_pb_accordion_item title=\u00a0\u00bbInstructions d\u2019installation pour carte SIM \u00a0\u00bb _builder_version=\u00a0\u00bb4.20.2&Prime; _module_preset=\u00a0\u00bbdefault\u00a0\u00bb global_colors_info=\u00a0\u00bb{}\u00a0\u00bb open=\u00a0\u00bboff\u00a0\u00bb]<\/p>\n<p data-renderer-start-pos=\"870\"><strong data-renderer-mark=\"true\">Avis importants : <\/strong><\/p>\n<p data-renderer-start-pos=\"890\">La carte SIM est fonctionnelle sur r\u00e9ception. Suivez les instructions d\u2019installation ci-dessous.<\/p>\n<p data-renderer-start-pos=\"988\">Vous ne devez en aucun cas modifier la carte SIM.<\/p>\n<p data-renderer-start-pos=\"988\">\n<p data-renderer-start-pos=\"2182\"><strong>\u00c9tape 1 :<\/strong> Assurez-vous que votre tablette est \u00e9teinte.<\/p>\n<p data-renderer-start-pos=\"2238\"><strong>\u00c9tape 2 :<\/strong> <span id=\"483554a5-a6b4-45d5-8e96-11bce170d591\" data-renderer-mark=\"true\" data-mark-type=\"annotation\" data-mark-annotation-type=\"inlineComment\" data-id=\"483554a5-a6b4-45d5-8e96-11bce170d591\">Identifier l\u2019emplacement<\/span> <span id=\"0ed501ee-707b-4c99-be05-2e86d6308454\" data-renderer-mark=\"true\" data-mark-type=\"annotation\" data-mark-annotation-type=\"inlineComment\" data-id=\"0ed501ee-707b-4c99-be05-2e86d6308454\">pour carte SIM <\/span>et retirer le support.<\/p>\n<p data-renderer-start-pos=\"2312\">L\u2019emplacement et le support pour carte SIM peuvent varier selon le mod\u00e8le de tablette. Consultez le guide du fabricant, le cas \u00e9ch\u00e9ant.<\/p>\n<p data-renderer-start-pos=\"2450\"><strong>\u00c9tape 3 :<\/strong> Posez avec pr\u00e9cision la carte SIM dans le support.<\/p>\n<p data-renderer-start-pos=\"2513\">Alignez le coin en bias de la carte et celui du support.<\/p>\n<p data-renderer-start-pos=\"2572\"><strong>\u00c9tape 4 :<\/strong> R\u00e9ins\u00e9rez le support dans la tablette.<\/p>\n<p data-renderer-start-pos=\"2622\">Suivant l\u2019orientation dans laquelle vous l\u2019avez enlev\u00e9, poussez jusqu\u2019\u00e0 la fermeture compl\u00e8te.<\/p>\n<p data-renderer-start-pos=\"2719\"><strong>\u00c9tape 5 :<\/strong> Allumez votre tablette.<\/p>\n<p data-renderer-start-pos=\"2755\"><strong>\u00c9tape 6 :<\/strong> Assurez-vous que les donn\u00e9es cellulaires sont activ\u00e9es.<\/p>\n<ul class=\"ak-ul\" data-indent-level=\"1\">\n<li>\n<p data-renderer-start-pos=\"2824\">Pour les tablettes Apple, acc\u00e9dez \u00e0 <strong data-renderer-mark=\"true\">R\u00e9glages<\/strong> &gt; <strong data-renderer-mark=\"true\">Donn\u00e9es cellulaires<\/strong> pour activer les donn\u00e9es cellulaires;<\/p>\n<\/li>\n<li>\n<p data-renderer-start-pos=\"2932\">Pour les tablettes Samsung, acc\u00e9dez \u00e0 <strong data-renderer-mark=\"true\">Param\u00e8tres<\/strong> &gt;<strong data-renderer-mark=\"true\"> Connexions<\/strong> &gt; <strong data-renderer-mark=\"true\">Utilisation des donn\u00e9es<\/strong> pour activer les donn\u00e9es cellulaires.<\/p>\n<\/li>\n<\/ul>\n<p data-renderer-start-pos=\"3061\">Dans certains cas, les modifications apport\u00e9es aux r\u00e9glages ne prendront pas effet imm\u00e9diatement. Red\u00e9marrez votre tablette, le cas \u00e9ch\u00e9ant.<\/p>\n<p data-renderer-start-pos=\"3204\"><span id=\"d2812be3-fc98-45b2-8f88-d804abf388e0\" data-renderer-mark=\"true\" data-mark-type=\"annotation\" data-mark-annotation-type=\"inlineComment\" data-id=\"d2812be3-fc98-45b2-8f88-d804abf388e0\">Voil\u00e0, tout est pr\u00eat!<\/span><\/p>\n<p>[\/et_pb_accordion_item][et_pb_accordion_item title=\u00a0\u00bbQue faire lorsque le r\u00e9seau est indisponible\u00a0\u00bb _builder_version=\u00a0\u00bb4.20.2&Prime; _module_preset=\u00a0\u00bbdefault\u00a0\u00bb global_colors_info=\u00a0\u00bb{}\u00a0\u00bb open=\u00a0\u00bboff\u00a0\u00bb]<\/p>\n<p data-renderer-start-pos=\"840\">Pour r\u00e9soudre un probl\u00e8me de r\u00e9seau :<\/p>\n<p>1. Red\u00e9marrez votre tablette.<\/p>\n<p>2. V\u00e9rifiez votre r\u00e9seau et la force\/puissance du signal.<\/p>\n<p>3. Assurez-vous que le mode avion est d\u00e9sactiv\u00e9.<\/p>\n<p>4. Programmez le mode r\u00e9seau sur \u201cautomatique\u201d.<\/p>\n<p>5. Retirez la carte SIM et r\u00e9installez-la.<\/p>\n<p>6. Red\u00e9marrez votre tablette.<span style=\"font-size: 16px;\"><\/span><\/p>\n<p data-renderer-start-pos=\"840\"><span style=\"font-size: 16px;\"><\/span><\/p>\n<p data-renderer-start-pos=\"840\"><span style=\"font-size: 16px;\">Vous avez besoin d\u2019aide? <\/span><a href=\"https:\/\/internexe.com\/fr\/aide\/\" style=\"font-size: 16px;\">Contactez-nous<\/a><span style=\"font-size: 16px;\">.<\/span><\/p>\n<p>[\/et_pb_accordion_item][et_pb_accordion_item title=\u00a0\u00bbQue faire si vous n\u2019avez pas de donn\u00e9es\u00a0\u00bb _builder_version=\u00a0\u00bb4.20.2&Prime; _module_preset=\u00a0\u00bbdefault\u00a0\u00bb global_colors_info=\u00a0\u00bb{}\u00a0\u00bb open=\u00a0\u00bboff\u00a0\u00bb]<\/p>\n<p>1. Red\u00e9marrez votre tablette.<\/p>\n<p>2. Assurez-vous que les donn\u00e9es cellulaires sont activ\u00e9es.<\/p>\n<p>3. Pour les tablettes Apple, acc\u00e9dez \u00e0 R\u00e9glages &gt; Donn\u00e9es cellulaires pour activer les donn\u00e9es cellulaires;<\/p>\n<p>4. Pour les tablettes Samsung, acc\u00e9dez \u00e0 Param\u00e8tres &gt; Connexions &gt; Utilisation des donn\u00e9es pour activer les donn\u00e9es cellulaires.<\/p>\n<p>5. R\u00e9initialisez les r\u00e9glages de votre r\u00e9seau.<\/p>\n<p>6. Pour les tablettes Apple, acc\u00e9dez \u00e0 R\u00e9glages &gt; G\u00e9n\u00e9ral &gt; &gt; R\u00e9initialiser &gt; R\u00e9initialiser les r\u00e9glages r\u00e9seau.<\/p>\n<p>7. Pour les tablettes Samsung, acc\u00e9dez \u00e0 Param\u00e8tres &gt; Gestion globale &gt; R\u00e9initialisation des param\u00e8tres du r\u00e9seau &gt; R\u00e9initialisation des param\u00e8tres &gt; R\u00e9initial.<\/p>\n<p>8. Red\u00e9marrez votre tablette.<\/p>\n<p><span style=\"font-size: 16px;\"><\/span><\/p>\n<p><span style=\"font-size: 16px;\">Vous avez besoin d\u2019aide? <\/span><a href=\"https:\/\/internexe.com\/fr\/aide\/\" style=\"font-size: 16px;\">Contactez-nous<\/a><span style=\"font-size: 16px;\">.<\/span><\/p>\n<p>[\/et_pb_accordion_item][et_pb_accordion_item title=\u00a0\u00bbComment acc\u00e9der au Portail client Internexe\u00a0\u00bb open=\u00a0\u00bboff\u00a0\u00bb _builder_version=\u00a0\u00bb4.20.2&Prime; _module_preset=\u00a0\u00bbdefault\u00a0\u00bb global_colors_info=\u00a0\u00bb{}\u00a0\u00bb]<\/p>\n<p data-renderer-start-pos=\"788\">Pour acc\u00e9der au Portail client Internexe :<\/p>\n<p>1. Ouvrez le courriel contenant votre nom d\u2019utilisateur et mot de passe temporaire.<\/p>\n<p>2. Allez \u00e0 www.internexe.com\/portail<\/p>\n<p>3. Connectez-vous au Portail.<\/p>\n<p>4. Changez votre mot de passe.<\/p>\n<p><span style=\"font-size: 16px;\">\u00c7a y est \u2013 tout est pr\u00eat!<\/span><\/p>\n<p>Vous avez besoin d\u2019aide? <a href=\"https:\/\/internexe.com\/fr\/aide\/\">Contactez-nous<\/a>.<\/p>\n<p data-renderer-start-pos=\"788\"><span style=\"font-size: 16px;\"><\/span><\/p>\n<p>[\/et_pb_accordion_item][et_pb_accordion_item title=\u00a0\u00bbComment modifier la langue de votre Portail client\u00a0\u00bb _builder_version=\u00a0\u00bb4.21.0&Prime; _module_preset=\u00a0\u00bbdefault\u00a0\u00bb hover_enabled=\u00a0\u00bb0&Prime; sticky_enabled=\u00a0\u00bb0&Prime;]<\/p>\n<p data-renderer-start-pos=\"630\">e Portail client est disponible dans deux langues : le fran\u00e7ais et l\u2019anglais.<\/p>\n<p data-renderer-start-pos=\"710\"><span id=\"99cfba26-4d3a-4c25-b51e-90c416627265\" data-renderer-mark=\"true\" data-mark-type=\"annotation\" data-mark-annotation-type=\"inlineComment\" data-id=\"99cfba26-4d3a-4c25-b51e-90c416627265\">Si vous souhaitez changer la langue de votre Portail, veuillez communiquer avec notre service \u00e0 la client\u00e8le, soit par t\u00e9l\u00e9phone au <strong>1-877-294-8999<\/strong>, soit par courriel \u00e0 <strong>info@internexe.net<\/strong>.<\/span><\/p>\n<p>[\/et_pb_accordion_item][et_pb_accordion_item title=\u00a0\u00bbComment ajouter votre carte de cr\u00e9dit\u00a0\u00bb _builder_version=\u00a0\u00bb4.21.0&Prime; _module_preset=\u00a0\u00bbdefault\u00a0\u00bb hover_enabled=\u00a0\u00bb0&Prime; sticky_enabled=\u00a0\u00bb0&Prime;]<\/p>\n<p data-renderer-start-pos=\"618\">Pour ajouter votre carte de cr\u00e9dit :<\/p>\n<p data-renderer-start-pos=\"658\">1. Connectez-vous au Portail client \u00e0 <a data-testid=\"link-with-safety\" href=\"https:\/\/internexe.com\/fr\/portail\" title=\"https:\/\/internexe.com\/fr\/portail\" data-renderer-mark=\"true\" class=\"css-tgpl01\">https:\/\/internexe.com\/fr\/portail<\/a>.<\/p>\n<p data-renderer-start-pos=\"730\">2. Cliquez sur l\u2019onglet <strong data-renderer-mark=\"true\">Compte <\/strong>&gt; <strong data-renderer-mark=\"true\">Informations personnelles <\/strong>&gt; <strong data-renderer-mark=\"true\">Ajouter carte de cr\u00e9dit.<\/strong><\/p>\n<p data-renderer-start-pos=\"816\">3. Remplissez tous les champs requis.\u00a0<\/p>\n<p data-renderer-start-pos=\"855\">4. Cliquez sur <strong data-renderer-mark=\"true\">Ajouter carte de cr\u00e9dit.<\/strong><\/p>\n<p data-renderer-start-pos=\"897\">Vous avez besoin d\u2019aide? <a data-testid=\"link-with-safety\" href=\"https:\/\/internexe.com\/fr\/soutien\/\" title=\"https:\/\/internexe.com\/fr\/soutien\/\" data-renderer-mark=\"true\" class=\"css-tgpl01\">Contactez-nous.<\/a><\/p>\n<p>[\/et_pb_accordion_item][et_pb_accordion_item title=\u00a0\u00bbComment profiter pleinement de votre Portail client\u00a0\u00bb _builder_version=\u00a0\u00bb4.20.2&Prime; _module_preset=\u00a0\u00bbdefault\u00a0\u00bb global_colors_info=\u00a0\u00bb{}\u00a0\u00bb open=\u00a0\u00bboff\u00a0\u00bb]<\/p>\n<p data-renderer-start-pos=\"715\">Le saviez-vous?<\/p>\n<p data-renderer-start-pos=\"733\">Le Portail client vous permet d\u2019effectuer une multitude de t\u00e2ches utiles :<\/p>\n<ul class=\"ak-ul\" data-indent-level=\"1\">\n<li>\n<p data-renderer-start-pos=\"811\">changer votre mot de passe<\/p>\n<\/li>\n<li>\n<p data-renderer-start-pos=\"841\">mettre \u00e0 jour les d\u00e9tails de votre carte de cr\u00e9dit<\/p>\n<\/li>\n<li>\n<p data-renderer-start-pos=\"895\">consulter votre consommation de donn\u00e9es<\/p>\n<\/li>\n<li>\n<p data-renderer-start-pos=\"938\">et bien d\u2019autres choses!<\/p>\n<\/li>\n<\/ul>\n<p>[\/et_pb_accordion_item][et_pb_accordion_item title=\u00a0\u00bbComment obtenir de l\u2019aide\u00a0\u00bb _builder_version=\u00a0\u00bb4.20.2&Prime; _module_preset=\u00a0\u00bbdefault\u00a0\u00bb global_colors_info=\u00a0\u00bb{}\u00a0\u00bb open=\u00a0\u00bboff\u00a0\u00bb]<\/p>\n<p data-renderer-start-pos=\"673\">Si vous avez besoin d\u2019aide, vous pouvez nous joindre :<\/p>\n<ul class=\"ak-ul\" data-indent-level=\"1\">\n<li>\n<p data-renderer-start-pos=\"732\">par t\u00e9l\u00e9phone, au 1-877-294-8999<\/p>\n<\/li>\n<li>\n<p data-renderer-start-pos=\"768\">par courriel, \u00e0 info@internexe.net<\/p>\n<\/li>\n<li>\n<p data-renderer-start-pos=\"806\">pay moyen du Portail client :<\/p>\n<ul class=\"ak-ul\" data-indent-level=\"2\">\n<li>\n<p data-renderer-start-pos=\"840\">Portail client &gt; Aide &gt; <span id=\"6a80174e-8a37-412a-95a2-c4c57344bf0c\" data-renderer-mark=\"true\" data-mark-type=\"annotation\" data-mark-annotation-type=\"inlineComment\" data-id=\"6a80174e-8a37-412a-95a2-c4c57344bf0c\" class=\"inline-highlight first-mark-highlight last-mark-highlight\">Cr\u00e9er un ticket de support<\/span><\/p>\n<\/li>\n<\/ul>\n<\/li>\n<\/ul>\n<p>[\/et_pb_accordion_item][\/et_pb_accordion][\/et_pb_column][\/et_pb_row][\/et_pb_section]<\/p>\n","protected":false},"excerpt":{"rendered":"<p>Foire aux questionsLe paiement de vos factures se fera par pr\u00e9l\u00e8vement automatique sur votre carte de cr\u00e9dit. La premi\u00e8re fois que vous acc\u00e9dez au Portail client, vous devez inscrire vos d\u00e9tails de carte de cr\u00e9dit. Vous pouvez \u00e9galment nous partager les d\u00e9tails de votre carte par t\u00e9l\u00e9phone au 1-877-294-8999. N.B. : Les cartes pr\u00e9pay\u00e9es, internationales [&hellip;]<\/p>\n","protected":false},"author":9,"featured_media":0,"parent":0,"menu_order":0,"comment_status":"closed","ping_status":"closed","template":"","meta":{"_acf_changed":false,"_et_pb_use_builder":"on","_et_pb_old_content":"","_et_gb_content_width":"","footnotes":""},"class_list":["post-7128","page","type-page","status-publish","hentry"],"acf":[],"_links":{"self":[{"href":"https:\/\/internexe.com\/fr\/wp-json\/wp\/v2\/pages\/7128","targetHints":{"allow":["GET"]}}],"collection":[{"href":"https:\/\/internexe.com\/fr\/wp-json\/wp\/v2\/pages"}],"about":[{"href":"https:\/\/internexe.com\/fr\/wp-json\/wp\/v2\/types\/page"}],"author":[{"embeddable":true,"href":"https:\/\/internexe.com\/fr\/wp-json\/wp\/v2\/users\/9"}],"replies":[{"embeddable":true,"href":"https:\/\/internexe.com\/fr\/wp-json\/wp\/v2\/comments?post=7128"}],"version-history":[{"count":14,"href":"https:\/\/internexe.com\/fr\/wp-json\/wp\/v2\/pages\/7128\/revisions"}],"predecessor-version":[{"id":7446,"href":"https:\/\/internexe.com\/fr\/wp-json\/wp\/v2\/pages\/7128\/revisions\/7446"}],"wp:attachment":[{"href":"https:\/\/internexe.com\/fr\/wp-json\/wp\/v2\/media?parent=7128"}],"curies":[{"name":"wp","href":"https:\/\/api.w.org\/{rel}","templated":true}]}}