{"id":5453,"date":"2019-05-29T15:31:57","date_gmt":"2019-05-29T19:31:57","guid":{"rendered":"https:\/\/internexe.com\/?page_id=5453"},"modified":"2021-11-11T11:44:07","modified_gmt":"2021-11-11T16:44:07","slug":"internet-fibre-optique","status":"publish","type":"page","link":"https:\/\/internexe.com\/fr\/internet-fibre-optique\/","title":{"rendered":"Internet fibre optique"},"content":{"rendered":"<p>[et_pb_section fb_built=\u00a0\u00bb1&Prime; custom_padding_last_edited=\u00a0\u00bbon|tablet\u00a0\u00bb _builder_version=\u00a0\u00bb3.22&Prime; custom_padding=\u00a0\u00bb17px|0px|25px|0px|false|false\u00a0\u00bb custom_padding_tablet=\u00a0\u00bb25px|||\u00a0\u00bb custom_padding_phone=\u00a0\u00bb15px||35px|\u00a0\u00bb hover_enabled=\u00a0\u00bb0&Prime; global_colors_info=\u00a0\u00bb{}\u00a0\u00bb sticky_enabled=\u00a0\u00bb0&Prime;][et_pb_row column_structure=\u00a0\u00bb1_2,1_2&Prime; use_custom_gutter=\u00a0\u00bbon\u00a0\u00bb custom_padding_last_edited=\u00a0\u00bbon|tablet\u00a0\u00bb _builder_version=\u00a0\u00bb4.12.1&Prime; width=\u00a0\u00bb73%\u00a0\u00bb max_width=\u00a0\u00bb100%\u00a0\u00bb custom_margin=\u00a0\u00bb|auto|9px|auto||\u00a0\u00bb custom_margin_tablet=\u00a0\u00bb0px|auto|9px|auto|false|false\u00a0\u00bb custom_margin_phone=\u00a0\u00bb0px|auto|9px|auto|false|false\u00a0\u00bb custom_margin_last_edited=\u00a0\u00bbon|tablet\u00a0\u00bb custom_padding_tablet=\u00a0\u00bb0px||0px||false|false\u00a0\u00bb custom_padding_phone=\u00a0\u00bb0px||0px||false|false\u00a0\u00bb hover_enabled=\u00a0\u00bb0&Prime; global_colors_info=\u00a0\u00bb{}\u00a0\u00bb sticky_enabled=\u00a0\u00bb0&Prime;][et_pb_column type=\u00a0\u00bb1_2&Prime; _builder_version=\u00a0\u00bb3.25&Prime; custom_padding=\u00a0\u00bb0vw|||\u00a0\u00bb global_colors_info=\u00a0\u00bb{}\u00a0\u00bb custom_padding__hover=\u00a0\u00bb|||\u00a0\u00bb][et_pb_image src=\u00a0\u00bbhttps:\/\/internexe.com\/wp-content\/uploads\/2021\/11\/Internexe-Cogeco-fr.jpg\u00a0\u00bb alt=\u00a0\u00bbInternet avec Cogeco\u00a0\u00bb title_text=\u00a0\u00bbInternexe-Cogeco-fr\u00a0\u00bb align_tablet=\u00a0\u00bbcenter\u00a0\u00bb align_phone=\u00a0\u00bbcenter\u00a0\u00bb align_last_edited=\u00a0\u00bbon|desktop\u00a0\u00bb _builder_version=\u00a0\u00bb4.12.1&Prime; hover_enabled=\u00a0\u00bb0&Prime; box_shadow_style=\u00a0\u00bbpreset2&Prime; global_colors_info=\u00a0\u00bb{}\u00a0\u00bb sticky_enabled=\u00a0\u00bb0&Prime;][\/et_pb_image][\/et_pb_column][et_pb_column type=\u00a0\u00bb1_2&Prime; _builder_version=\u00a0\u00bb4.12.1&Prime; custom_padding=\u00a0\u00bb4%|0%|||false|false\u00a0\u00bb global_colors_info=\u00a0\u00bb{}\u00a0\u00bb custom_padding__hover=\u00a0\u00bb|||\u00a0\u00bb][et_pb_text quote_border_weight=\u00a0\u00bb3px\u00a0\u00bb quote_border_color=\u00a0\u00bb#109bc5&Prime; _builder_version=\u00a0\u00bb4.12.1&Prime; text_font=\u00a0\u00bb||||||||\u00a0\u00bb text_line_height=\u00a0\u00bb1.4em\u00a0\u00bb quote_font=\u00a0\u00bb|700|on||||||\u00a0\u00bb quote_font_size=\u00a0\u00bb15px\u00a0\u00bb header_font=\u00a0\u00bbRubik||||||||\u00a0\u00bb header_text_color=\u00a0\u00bb#109bc5&Prime; header_line_height=\u00a0\u00bb1.5em\u00a0\u00bb header_2_font=\u00a0\u00bbRubik||||||||\u00a0\u00bb header_2_text_color=\u00a0\u00bb#109bc5&Prime; global_colors_info=\u00a0\u00bb{}\u00a0\u00bb]<\/p>\n<h1>Bienvenue chez Cogeco!<\/h1>\n<p>Comme vous le savez, Cogeco a fait l\u2019acquisition d\u2019iT\u00e9ract Inc. (Internexe T\u00e9l\u00e9communications) en avril 2020. Depuis, nous avons \u00e9t\u00e9 ravis de vous servir sous le nom d&rsquo;Internexe.<\/p>\n<p>Si vous profitez de la fibre optique avec Internexe depuis un certain temps, vous avez d\u00e9j\u00e0 re\u00e7u \u00e0 cet effet des communications par courriel et par courrier.<\/p>\n<p>Si vous d\u00e9sirez vous abonner \u00e0 notre r\u00e9seau de fibre optique et que vous avez des questions, composez le <a href=\"tel:18334751385\" target=\"_blank\" rel=\"noopener\">1&nbsp;833&nbsp;475-1385<\/a> ou visitez <a href=\"https:\/\/www.cogeco.ca\/fr\/\" target=\"_blank\" rel=\"noopener\">cogeco.ca<\/a>.[\/et_pb_text][\/et_pb_column][\/et_pb_row][et_pb_row _builder_version=\u00a0\u00bb4.12.1&Prime; _module_preset=\u00a0\u00bbdefault\u00a0\u00bb width=\u00a0\u00bb70%\u00a0\u00bb width_tablet=\u00a0\u00bb73%\u00a0\u00bb width_phone=\u00a0\u00bb73%\u00a0\u00bb width_last_edited=\u00a0\u00bbon|tablet\u00a0\u00bb max_width=\u00a0\u00bb100%\u00a0\u00bb global_colors_info=\u00a0\u00bb{}\u00a0\u00bb][et_pb_column type=\u00a0\u00bb4_4&Prime; _builder_version=\u00a0\u00bb4.12.1&Prime; _module_preset=\u00a0\u00bbdefault\u00a0\u00bb global_colors_info=\u00a0\u00bb{}\u00a0\u00bb][et_pb_text quote_border_weight=\u00a0\u00bb3px\u00a0\u00bb quote_border_color=\u00a0\u00bb#109bc5&Prime; _builder_version=\u00a0\u00bb4.12.1&Prime; text_font=\u00a0\u00bb||||||||\u00a0\u00bb text_line_height=\u00a0\u00bb1.4em\u00a0\u00bb quote_font=\u00a0\u00bb|700|on||||||\u00a0\u00bb quote_font_size=\u00a0\u00bb15px\u00a0\u00bb header_font=\u00a0\u00bb||||||||\u00a0\u00bb header_2_font=\u00a0\u00bbRubik||||||||\u00a0\u00bb header_2_text_color=\u00a0\u00bb#109bc5&Prime; custom_margin=\u00a0\u00bb||25px|||\u00a0\u00bb global_colors_info=\u00a0\u00bb{}\u00a0\u00bb]<\/p>\n<p><strong>Voici ce dont vous pouvez profiter avec Cogeco :<\/strong><\/p>\n<ul>\n<li>Un service Internet ultra-rapide et illimit\u00e9, avec des vitesses allant jusqu&rsquo;\u00e0 1 Gig.<\/li>\n<li>Une technologie et un \u00e9quipement Wi-Fi de pointe, avec la possibilit\u00e9 d\u2019ajouter des modules Wi-Fi pour optimiser votre couverture.<\/li>\n<li>Un contr\u00f4le total de votre exp\u00e9rience t\u00e9l\u00e9 et divertissement avec EPICO, le nouveau service Internet + T\u00e9l\u00e9 tout-en-un qui permet d\u2019acc\u00e9der \u00e0 vos cha\u00eenes pr\u00e9f\u00e9r\u00e9es, \u00e0 votre contenu sur demande et \u00e0 des milliers d\u2019applis \u00e0 partir d\u2019une seule interface.<\/li>\n<li>Un service de T\u00e9l\u00e9phonie r\u00e9sidentielle fiable, avec des tarifs mensuels comp\u00e9titifs et une gamme compl\u00e8te de fonctions d&rsquo;appel.<\/li>\n<li>Un service \u00e0 la client\u00e8le et un soutien technique exceptionnels fournis localement 24\/7.<\/li>\n<li>Des outils libre-service en ligne faciles \u00e0 utiliser pour payer vos factures, modifier votre s\u00e9lection de cha\u00eenes t\u00e9l\u00e9 et bien plus encore.<\/li>\n<\/ul>\n<p>[\/et_pb_text][et_pb_text quote_border_weight=\u00a0\u00bb3px\u00a0\u00bb quote_border_color=\u00a0\u00bb#109bc5&Prime; _builder_version=\u00a0\u00bb4.12.1&Prime; text_font=\u00a0\u00bb||||||||\u00a0\u00bb text_line_height=\u00a0\u00bb1.4em\u00a0\u00bb quote_font=\u00a0\u00bb|700|on||||||\u00a0\u00bb quote_font_size=\u00a0\u00bb15px\u00a0\u00bb header_font=\u00a0\u00bbRubik||||||||\u00a0\u00bb header_text_color=\u00a0\u00bb#109bc5&Prime; header_line_height=\u00a0\u00bb1.5em\u00a0\u00bb header_2_font=\u00a0\u00bbRubik||||||||\u00a0\u00bb header_2_text_color=\u00a0\u00bb#109bc5&Prime; global_colors_info=\u00a0\u00bb{}\u00a0\u00bb]<\/p>\n<p><strong>Nous sommes heureux de vous accueillir chez Cogeco et nous sommes impatients de vous aider \u00e0 trouver le forfait Internet, T\u00e9l\u00e9 et T\u00e9l\u00e9phonie r\u00e9sidentielle dont vous avez besoin.<\/strong><\/p>\n<p>[\/et_pb_text][\/et_pb_column][\/et_pb_row][\/et_pb_section][et_pb_section fb_built=\u00a0\u00bb1&Prime; _builder_version=\u00a0\u00bb4.12.1&Prime; background_color=\u00a0\u00bb#109bc5&Prime; use_background_color_gradient=\u00a0\u00bbon\u00a0\u00bb background_color_gradient_start=\u00a0\u00bbrgba(3,80,136,0.91)\u00a0\u00bb background_color_gradient_end=\u00a0\u00bbrgba(3,80,136,0.01)\u00a0\u00bb background_color_gradient_direction=\u00a0\u00bb120deg\u00a0\u00bb background_color_gradient_start_position=\u00a0\u00bb44%\u00a0\u00bb background_color_gradient_end_position=\u00a0\u00bb95%\u00a0\u00bb background_color_gradient_overlays_image=\u00a0\u00bbon\u00a0\u00bb background_image=\u00a0\u00bbhttps:\/\/internexe.com\/wp-content\/uploads\/2018\/09\/cta-phone.jpg\u00a0\u00bb background_position=\u00a0\u00bbcenter_right\u00a0\u00bb custom_margin=\u00a0\u00bb0px||0px|\u00a0\u00bb custom_padding=\u00a0\u00bb0px||0px|\u00a0\u00bb background_last_edited=\u00a0\u00bbon|tablet\u00a0\u00bb use_background_color_gradient_tablet=\u00a0\u00bbon\u00a0\u00bb background_color_gradient_start_tablet=\u00a0\u00bbrgba(3,80,136,0.9)\u00a0\u00bb background_color_gradient_end_tablet=\u00a0\u00bbrgba(3,80,136,0.62)\u00a0\u00bb global_colors_info=\u00a0\u00bb{}\u00a0\u00bb][et_pb_row column_structure=\u00a0\u00bb3_5,2_5&Prime; custom_padding_last_edited=\u00a0\u00bbon|phone\u00a0\u00bb module_class=\u00a0\u00bb et_pb_row_fullwidth\u00a0\u00bb _builder_version=\u00a0\u00bb4.12.1&Prime; width=\u00a0\u00bb95%\u00a0\u00bb width_tablet=\u00a0\u00bb100%\u00a0\u00bb width_phone=\u00a0\u00bb100%\u00a0\u00bb width_last_edited=\u00a0\u00bbon|desktop\u00a0\u00bb max_width=\u00a0\u00bb100%\u00a0\u00bb max_width_tablet=\u00a0\u00bb100%\u00a0\u00bb max_width_phone=\u00a0\u00bb100%\u00a0\u00bb max_width_last_edited=\u00a0\u00bbon|desktop\u00a0\u00bb custom_margin=\u00a0\u00bb||0px|\u00a0\u00bb custom_padding=\u00a0\u00bb2vw|0px|2vw|0px|true|false\u00a0\u00bb custom_padding_tablet=\u00a0\u00bb\u00a0\u00bb custom_padding_phone=\u00a0\u00bb||4vw|\u00a0\u00bb make_fullwidth=\u00a0\u00bbon\u00a0\u00bb global_colors_info=\u00a0\u00bb{}\u00a0\u00bb][et_pb_column type=\u00a0\u00bb3_5&Prime; _builder_version=\u00a0\u00bb4.12.1&Prime; custom_padding=\u00a0\u00bb|5%|0vw||false|false\u00a0\u00bb global_colors_info=\u00a0\u00bb{}\u00a0\u00bb custom_padding__hover=\u00a0\u00bb|||\u00a0\u00bb][et_pb_cta title=\u00a0\u00bbD\u2019autres questions?\u00a0\u00bb button_url=\u00a0\u00bbhttps:\/\/www.cogeco.ca\/fr\/\u00a0\u00bb url_new_window=\u00a0\u00bbon\u00a0\u00bb button_text=\u00a0\u00bbVisiter le site de Cogeco\u00a0\u00bb _builder_version=\u00a0\u00bb4.12.1&Prime; header_font=\u00a0\u00bb|600|||||||\u00a0\u00bb header_font_size=\u00a0\u00bb27px\u00a0\u00bb header_line_height=\u00a0\u00bb1.7em\u00a0\u00bb body_font=\u00a0\u00bb||||||||\u00a0\u00bb body_font_size=\u00a0\u00bb19px\u00a0\u00bb body_line_height=\u00a0\u00bb1.4em\u00a0\u00bb body_link_font=\u00a0\u00bb|600|||||||\u00a0\u00bb body_link_text_color=\u00a0\u00bb#DBDBDB\u00a0\u00bb background_color=\u00a0\u00bbrgba(126,190,197,0)\u00a0\u00bb custom_button=\u00a0\u00bbon\u00a0\u00bb button_bg_color=\u00a0\u00bb#ea6500&Prime; button_border_color=\u00a0\u00bb#ea6500&Prime; button_font=\u00a0\u00bb||||||||\u00a0\u00bb text_orientation=\u00a0\u00bbleft\u00a0\u00bb max_width=\u00a0\u00bb100%\u00a0\u00bb max_width_tablet=\u00a0\u00bb\u00a0\u00bb max_width_phone=\u00a0\u00bb100%\u00a0\u00bb max_width_last_edited=\u00a0\u00bbon|phone\u00a0\u00bb module_alignment=\u00a0\u00bbleft\u00a0\u00bb custom_padding=\u00a0\u00bb5vw|0vw|5vw|7vw|true|false\u00a0\u00bb header_font_size_tablet=\u00a0\u00bb\u00a0\u00bb header_font_size_phone=\u00a0\u00bb24px\u00a0\u00bb header_font_size_last_edited=\u00a0\u00bbon|phone\u00a0\u00bb header_line_height_tablet=\u00a0\u00bb\u00a0\u00bb header_line_height_phone=\u00a0\u00bb1.4em\u00a0\u00bb header_line_height_last_edited=\u00a0\u00bbon|phone\u00a0\u00bb body_font_size_tablet=\u00a0\u00bb\u00a0\u00bb body_font_size_phone=\u00a0\u00bb16px\u00a0\u00bb body_font_size_last_edited=\u00a0\u00bbon|phone\u00a0\u00bb box_shadow_style_button=\u00a0\u00bbpreset1&Prime; button_text_color_hover=\u00a0\u00bb#ffffff\u00a0\u00bb button_border_color_hover=\u00a0\u00bb#666666&Prime; global_colors_info=\u00a0\u00bb{}\u00a0\u00bb button_text_size__hover_enabled=\u00a0\u00bboff\u00a0\u00bb button_one_text_size__hover_enabled=\u00a0\u00bboff\u00a0\u00bb button_two_text_size__hover_enabled=\u00a0\u00bboff\u00a0\u00bb button_text_color__hover_enabled=\u00a0\u00bbon\u00a0\u00bb button_text_color__hover=\u00a0\u00bb#ffffff\u00a0\u00bb button_one_text_color__hover_enabled=\u00a0\u00bboff\u00a0\u00bb button_two_text_color__hover_enabled=\u00a0\u00bboff\u00a0\u00bb button_border_width__hover_enabled=\u00a0\u00bboff\u00a0\u00bb button_one_border_width__hover_enabled=\u00a0\u00bboff\u00a0\u00bb button_two_border_width__hover_enabled=\u00a0\u00bboff\u00a0\u00bb button_border_color__hover_enabled=\u00a0\u00bbon\u00a0\u00bb button_border_color__hover=\u00a0\u00bb#666666&Prime; button_one_border_color__hover_enabled=\u00a0\u00bboff\u00a0\u00bb button_two_border_color__hover_enabled=\u00a0\u00bboff\u00a0\u00bb button_border_radius__hover_enabled=\u00a0\u00bboff\u00a0\u00bb button_one_border_radius__hover_enabled=\u00a0\u00bboff\u00a0\u00bb button_two_border_radius__hover_enabled=\u00a0\u00bboff\u00a0\u00bb button_letter_spacing__hover_enabled=\u00a0\u00bboff\u00a0\u00bb button_one_letter_spacing__hover_enabled=\u00a0\u00bboff\u00a0\u00bb button_two_letter_spacing__hover_enabled=\u00a0\u00bboff\u00a0\u00bb button_bg_color__hover_enabled=\u00a0\u00bboff\u00a0\u00bb button_one_bg_color__hover_enabled=\u00a0\u00bboff\u00a0\u00bb button_two_bg_color__hover_enabled=\u00a0\u00bboff\u00a0\u00bb]<\/p>\n<p>N\u2019h\u00e9sitez pas \u00e0 contacter notre \u00e9quipe chez Cogeco en composant le <a href=\"tel:18334751385\" target=\"_blank\" rel=\"noopener\">1\u00a0833\u00a0475-1385<\/a> ou visitez <a href=\"https:\/\/www.cogeco.ca\/fr\/\" target=\"_blank\" rel=\"noopener\">cogeco.ca<\/a>.<\/p>\n<p>Si vous \u00eates aussi un client Affaires, composez le <a href=\"tel:18778225831\" target=\"_blank\" rel=\"noopener\">1\u00a0877\u00a0822-5831<\/a> ou visitez <a href=\"https:\/\/www.cogeco.ca\/fr\/affaires\" target=\"_blank\" rel=\"noopener\">cogeco.ca\/fr\/affaires<\/a> pour en savoir plus.<\/p>\n<p>[\/et_pb_cta][\/et_pb_column][et_pb_column type=\u00a0\u00bb2_5&Prime; _builder_version=\u00a0\u00bb3.25&Prime; custom_padding=\u00a0\u00bb||0vw|\u00a0\u00bb global_colors_info=\u00a0\u00bb{}\u00a0\u00bb custom_padding__hover=\u00a0\u00bb|||\u00a0\u00bb][\/et_pb_column][\/et_pb_row][\/et_pb_section]<\/p>\n","protected":false},"excerpt":{"rendered":"<p>Bienvenue chez Cogeco! Comme vous le savez, Cogeco a fait l\u2019acquisition d\u2019iT\u00e9ract Inc. (Internexe T\u00e9l\u00e9communications) en avril 2020. Depuis, nous avons \u00e9t\u00e9 ravis de vous servir sous le nom d&rsquo;Internexe. Si vous profitez de la fibre optique avec Internexe depuis un certain temps, vous avez d\u00e9j\u00e0 re\u00e7u \u00e0 cet effet des communications par courriel et [&hellip;]<\/p>\n","protected":false},"author":8,"featured_media":0,"parent":0,"menu_order":0,"comment_status":"closed","ping_status":"closed","template":"","meta":{"_acf_changed":false,"_et_pb_use_builder":"on","_et_pb_old_content":"","_et_gb_content_width":"","footnotes":""},"class_list":["post-5453","page","type-page","status-publish","hentry"],"acf":[],"_links":{"self":[{"href":"https:\/\/internexe.com\/fr\/wp-json\/wp\/v2\/pages\/5453","targetHints":{"allow":["GET"]}}],"collection":[{"href":"https:\/\/internexe.com\/fr\/wp-json\/wp\/v2\/pages"}],"about":[{"href":"https:\/\/internexe.com\/fr\/wp-json\/wp\/v2\/types\/page"}],"author":[{"embeddable":true,"href":"https:\/\/internexe.com\/fr\/wp-json\/wp\/v2\/users\/8"}],"replies":[{"embeddable":true,"href":"https:\/\/internexe.com\/fr\/wp-json\/wp\/v2\/comments?post=5453"}],"version-history":[{"count":13,"href":"https:\/\/internexe.com\/fr\/wp-json\/wp\/v2\/pages\/5453\/revisions"}],"predecessor-version":[{"id":6839,"href":"https:\/\/internexe.com\/fr\/wp-json\/wp\/v2\/pages\/5453\/revisions\/6839"}],"wp:attachment":[{"href":"https:\/\/internexe.com\/fr\/wp-json\/wp\/v2\/media?parent=5453"}],"curies":[{"name":"wp","href":"https:\/\/api.w.org\/{rel}","templated":true}]}}