{"id":467,"date":"2018-10-04T14:12:43","date_gmt":"2018-10-04T18:12:43","guid":{"rendered":"http:\/\/beta.internexe.net\/?page_id=467"},"modified":"2025-04-23T16:39:14","modified_gmt":"2025-04-23T20:39:14","slug":"regions-desservies","status":"publish","type":"page","link":"https:\/\/internexe.com\/fr\/regions-desservies\/","title":{"rendered":"R\u00e9gions desservies"},"content":{"rendered":"<p>[et_pb_section fb_built=\u00a0\u00bb1&Prime; custom_padding_last_edited=\u00a0\u00bbon|phone\u00a0\u00bb _builder_version=\u00a0\u00bb4.16&Prime; use_background_color_gradient=\u00a0\u00bbon\u00a0\u00bb background_color_gradient_stops=\u00a0\u00bbrgba(3,80,136,0.75) 0%|rgba(3,80,136,0.75) 100%\u00a0\u00bb background_color_gradient_overlays_image=\u00a0\u00bbon\u00a0\u00bb background_color_gradient_start=\u00a0\u00bbrgba(3,80,136,0.75)\u00a0\u00bb background_color_gradient_end=\u00a0\u00bbrgba(3,80,136,0.75)\u00a0\u00bb background_image=\u00a0\u00bbhttps:\/\/internexe.com\/wp-content\/uploads\/2018\/10\/header-carte.jpg\u00a0\u00bb custom_padding_tablet=\u00a0\u00bb\u00a0\u00bb custom_padding_phone=\u00a0\u00bb20px||20px||true\u00a0\u00bb global_colors_info=\u00a0\u00bb{}\u00a0\u00bb][et_pb_row _builder_version=\u00a0\u00bb4.16&Prime; global_colors_info=\u00a0\u00bb{}\u00a0\u00bb][et_pb_column type=\u00a0\u00bb4_4&Prime; _builder_version=\u00a0\u00bb4.16&Prime; custom_padding=\u00a0\u00bb|||\u00a0\u00bb global_colors_info=\u00a0\u00bb{}\u00a0\u00bb custom_padding__hover=\u00a0\u00bb|||\u00a0\u00bb][et_pb_text _builder_version=\u00a0\u00bb4.16&Prime; text_font=\u00a0\u00bb||||||||\u00a0\u00bb header_font=\u00a0\u00bbRubik|||on|||||\u00a0\u00bb header_text_align=\u00a0\u00bbcenter\u00a0\u00bb header_font_size=\u00a0\u00bb50px\u00a0\u00bb background_layout=\u00a0\u00bbdark\u00a0\u00bb header_font_size_tablet=\u00a0\u00bb\u00a0\u00bb header_font_size_phone=\u00a0\u00bb40px\u00a0\u00bb header_font_size_last_edited=\u00a0\u00bbon|phone\u00a0\u00bb global_colors_info=\u00a0\u00bb{}\u00a0\u00bb]<\/p>\n<h1>R\u00e9gions desservies<\/h1>\n<p>[\/et_pb_text][\/et_pb_column][\/et_pb_row][\/et_pb_section][et_pb_section fb_built=\u00a0\u00bb1&Prime; _builder_version=\u00a0\u00bb4.16&Prime; global_colors_info=\u00a0\u00bb{}\u00a0\u00bb][et_pb_row _builder_version=\u00a0\u00bb4.16&Prime; custom_padding=\u00a0\u00bb38px|0px|26.5375px|0px|false|false\u00a0\u00bb global_colors_info=\u00a0\u00bb{}\u00a0\u00bb][et_pb_column type=\u00a0\u00bb4_4&Prime; _builder_version=\u00a0\u00bb4.16&Prime; custom_padding=\u00a0\u00bb|||\u00a0\u00bb global_colors_info=\u00a0\u00bb{}\u00a0\u00bb custom_padding__hover=\u00a0\u00bb|||\u00a0\u00bb][et_pb_text _builder_version=\u00a0\u00bb4.20.4&Prime; text_font=\u00a0\u00bb||||||||\u00a0\u00bb header_font=\u00a0\u00bb||||||||\u00a0\u00bb header_2_font=\u00a0\u00bb|600||on|||||\u00a0\u00bb header_2_font_size=\u00a0\u00bb20px\u00a0\u00bb text_orientation=\u00a0\u00bbcenter\u00a0\u00bb custom_margin=\u00a0\u00bb||0px\u00a0\u00bb custom_padding=\u00a0\u00bb||15px\u00a0\u00bb global_colors_info=\u00a0\u00bb{}\u00a0\u00bb]<\/p>\n<h2><a href=\"https:\/\/internexe.com\/fr\/internet\/\">Couverture Internet sans-fil<\/a><\/h2>\n<p>[\/et_pb_text][et_pb_text _builder_version=\u00a0\u00bb4.27.4&Prime; _module_preset=\u00a0\u00bbdefault\u00a0\u00bb hover_enabled=\u00a0\u00bb0&Prime; global_colors_info=\u00a0\u00bb{}\u00a0\u00bb sticky_enabled=\u00a0\u00bb0&Prime;]<\/p>\n<p style=\"text-align: center;\">Internexe vous offre l\u2019Internet haute vitesse sur sa plateforme sans-fil. Notre vaste r\u00e9seau sans fil couvre plusieurs endroits \u00e0 l\u2019int\u00e9rieur du Qu\u00e9bec et de l\u2019Ontario<\/p>\n<p>[\/et_pb_text][et_pb_code _builder_version=\u00a0\u00bb4.24.2&Prime; custom_padding=\u00a0\u00bb12px||||false|false\u00a0\u00bb global_colors_info=\u00a0\u00bb{}\u00a0\u00bb]<div id=\"flxmap-69ecdb3420010\" class='flxmap-container' data-flxmap='flxmap_69ecdb3420010' style=\"width:100%;height:500px;\"><\/div>\n<script data-noptimize=\"1\">\n\/* <![CDATA[ *\/\n(function(w, fn) {\n if (w.addEventListener) w.addEventListener(\"DOMContentLoaded\", fn, false);\n else if (w.attachEvent) w.attachEvent(\"onload\", fn);\n})(window, function() {\n var f = new FlexibleMap();\n f.scrollwheel = true;\n f.setlocale(\"fr-FR\");\n f.showKML(\"flxmap-69ecdb3420010\", \"https:\/\/internexe.com\/sig\/wireless1.kmz\");\n window.flxmap_69ecdb3420010 = f;\n});\n\/* ]]> *\/\n<\/script>\n[\/et_pb_code][et_pb_text _builder_version=\u00a0\u00bb4.20.4&Prime; text_font=\u00a0\u00bb||||||||\u00a0\u00bb header_font=\u00a0\u00bb||||||||\u00a0\u00bb header_2_font=\u00a0\u00bb|600||on|||||\u00a0\u00bb header_2_font_size=\u00a0\u00bb20px\u00a0\u00bb text_orientation=\u00a0\u00bbcenter\u00a0\u00bb custom_margin=\u00a0\u00bb||0px\u00a0\u00bb custom_padding=\u00a0\u00bb40px||15px||false|false\u00a0\u00bb global_colors_info=\u00a0\u00bb{}\u00a0\u00bb]<\/p>\n<h2><a href=\"https:\/\/internexe.com\/fr\/donnees-mobiles\/\">Couverture Donn\u00e9es Mobiles<\/a><\/h2>\n<p>[\/et_pb_text][et_pb_text _builder_version=\u00a0\u00bb4.20.4&Prime; _module_preset=\u00a0\u00bbdefault\u00a0\u00bb global_colors_info=\u00a0\u00bb{}\u00a0\u00bb]<\/p>\n<p style=\"text-align: center;\">Ce service fournit des donn\u00e9es mobiles pour les tablettes. Notre service est actuellement disponible uniquement \u00e0 Sept-\u00celes, dans la zone d\u00e9limit\u00e9e en bleu ci-dessous.<\/p>\n<p>[\/et_pb_text][et_pb_code _builder_version=\u00a0\u00bb4.24.2&Prime; _module_preset=\u00a0\u00bbdefault\u00a0\u00bb global_colors_info=\u00a0\u00bb{}\u00a0\u00bb]<div id=\"flxmap-69ecdb34200c2\" class='flxmap-container' data-flxmap='flxmap_69ecdb34200c2' style=\"width:100%;height:500px;\"><\/div>\n<script data-noptimize=\"1\">\n\/* <![CDATA[ *\/\n(function(w, fn) {\n if (w.addEventListener) w.addEventListener(\"DOMContentLoaded\", fn, false);\n else if (w.attachEvent) w.attachEvent(\"onload\", fn);\n})(window, function() {\n var f = new FlexibleMap();\n f.scrollwheel = true;\n f.setlocale(\"fr-FR\");\n f.showKML(\"flxmap-69ecdb34200c2\", \"https:\/\/internexe.com\/sig\/septiles-tablet-coverage1.kmz\");\n window.flxmap_69ecdb34200c2 = f;\n});\n\/* ]]> *\/\n<\/script>\n[\/et_pb_code][\/et_pb_column][\/et_pb_row][\/et_pb_section]<\/p>\n","protected":false},"excerpt":{"rendered":"<p>R\u00e9gions desservies Couverture Internet sans-filInternexe vous offre l\u2019Internet haute vitesse sur sa plateforme sans-fil. Notre vaste r\u00e9seau sans fil couvre plusieurs endroits \u00e0 l\u2019int\u00e9rieur du Qu\u00e9bec et de l\u2019Ontario<div id=\"flxmap-69ecdb34347cf\" class='flxmap-container' data-flxmap='flxmap_69ecdb34347cf' style=\"width:100%;height:500px;\"><\/div>\n<script data-noptimize=\"1\">\n\/* <![CDATA[ *\/\n(function(w, fn) {\n if (w.addEventListener) w.addEventListener(\"DOMContentLoaded\", fn, false);\n else if (w.attachEvent) w.attachEvent(\"onload\", fn);\n})(window, function() {\n var f = new FlexibleMap();\n f.scrollwheel = true;\n f.setlocale(\"fr-FR\");\n f.showKML(\"flxmap-69ecdb34347cf\", \"https:\/\/internexe.com\/sig\/wireless1.kmz\");\n window.flxmap_69ecdb34347cf = f;\n});\n\/* ]]> *\/\n<\/script>\nCouverture Donn\u00e9es MobilesCe service fournit des donn\u00e9es mobiles pour les tablettes. Notre service est actuellement disponible uniquement \u00e0 Sept-\u00celes, dans la zone d\u00e9limit\u00e9e [&hellip;]<\/p>\n","protected":false},"author":8,"featured_media":0,"parent":0,"menu_order":0,"comment_status":"closed","ping_status":"closed","template":"","meta":{"_acf_changed":false,"_et_pb_use_builder":"on","_et_pb_old_content":"","_et_gb_content_width":"","footnotes":""},"class_list":["post-467","page","type-page","status-publish","hentry"],"acf":[],"_links":{"self":[{"href":"https:\/\/internexe.com\/fr\/wp-json\/wp\/v2\/pages\/467","targetHints":{"allow":["GET"]}}],"collection":[{"href":"https:\/\/internexe.com\/fr\/wp-json\/wp\/v2\/pages"}],"about":[{"href":"https:\/\/internexe.com\/fr\/wp-json\/wp\/v2\/types\/page"}],"author":[{"embeddable":true,"href":"https:\/\/internexe.com\/fr\/wp-json\/wp\/v2\/users\/8"}],"replies":[{"embeddable":true,"href":"https:\/\/internexe.com\/fr\/wp-json\/wp\/v2\/comments?post=467"}],"version-history":[{"count":41,"href":"https:\/\/internexe.com\/fr\/wp-json\/wp\/v2\/pages\/467\/revisions"}],"predecessor-version":[{"id":7671,"href":"https:\/\/internexe.com\/fr\/wp-json\/wp\/v2\/pages\/467\/revisions\/7671"}],"wp:attachment":[{"href":"https:\/\/internexe.com\/fr\/wp-json\/wp\/v2\/media?parent=467"}],"curies":[{"name":"wp","href":"https:\/\/api.w.org\/{rel}","templated":true}]}}